{"id":14,"date":"2018-12-21T06:28:51","date_gmt":"2018-12-21T06:28:51","guid":{"rendered":"https:\/\/emanuelalopes.pt\/new\/blog\/"},"modified":"2021-10-10T02:46:02","modified_gmt":"2021-10-10T02:46:02","slug":"blog","status":"publish","type":"page","link":"https:\/\/emanuelalopes.pt\/new\/blog\/","title":{"rendered":"Blog"},"content":{"rendered":"\n<section class=\"wp-block-uagb-section uagb-section__wrap uagb-section__background-image alignwide uagb-block-cee9a4b6\"><div class=\"uagb-section__overlay\"><\/div><div class=\"uagb-section__inner-wrap\">\n<div class=\"wp-block-uagb-info-box uagb-infobox__outer-wrap uagb-block-22c3a35a\"><div class=\"uagb-infobox__content-wrap uagb-infobox uagb-infobox-has-image uagb-infobox-icon-below-title uagb-infobox-image-valign-top uagb-infobox-enable-border-radius \"><div class=\"uagb-ifb-left-right-wrap\"><div class=\"uagb-ifb-content\"><div class=\"uagb-ifb-title-wrap\"><h1 class=\"uagb-ifb-title\">Blog!<\/h1><\/div><div class=\"uagb-ifb-text-wrap\"><\/div><\/div><\/div><\/div><\/div>\n\n\n\n<div style=\"height:50px\" aria-hidden=\"true\" class=\"wp-block-spacer\"><\/div>\n\n\n\n<section class=\"wp-block-uagb-columns uagb-columns__wrap uagb-columns__background-undefined uagb-columns__stack-mobile uagb-columns__valign-undefined uagb-columns__gap-0 alignundefined uagb-block-fe8598d7\"><div class=\"uagb-columns__overlay\"><\/div><div class=\"uagb-columns__inner-wrap uagb-columns__columns-2\">\n<div class=\"wp-block-uagb-column uagb-column__wrap uagb-column__background-undefined uagb-block-b9768590\"><div class=\"uagb-column__overlay\"><\/div><div class=\"uagb-column__inner-wrap\">\n\t\t\t<div class=\"uagb-post-grid  uagb-post__image-position-top uagb-block-e065ada6   \" data-total=\"22\">\n\n\t\t\t\t<div class=\"uagb-post__items uagb-post__columns-1 is-grid uagb-post__columns-tablet-1 uagb-post__columns-mobile-1 uagb-post__equal-height\">\n\n\t\t\t\t\t\t\t\t<article >\n\t\t\t\t\t\t\t\t\t\t<div class=\"uagb-post__inner-wrap\">\n\t\t\t\t\t\t\t\t\t\t\t\t\t\t\t<div class='uagb-post__image'>\n\t\t\t\t<a href=\"https:\/\/emanuelalopes.pt\/new\/2022\/03\/14\/fome-emocional-2\/\" target=\"_self\" rel=\"bookmark noopener noreferrer\"><img width=\"768\" height=\"1024\" src=\"https:\/\/emanuelalopes.pt\/new\/wp-content\/uploads\/2022\/03\/WhatsApp-Image-2022-02-25-at-14.42.08.jpeg\" class=\"attachment-large size-large\" alt=\"\" decoding=\"async\" loading=\"lazy\" srcset=\"https:\/\/emanuelalopes.pt\/new\/wp-content\/uploads\/2022\/03\/WhatsApp-Image-2022-02-25-at-14.42.08.jpeg 768w, https:\/\/emanuelalopes.pt\/new\/wp-content\/uploads\/2022\/03\/WhatsApp-Image-2022-02-25-at-14.42.08-225x300.jpeg 225w\" sizes=\"(max-width: 768px) 100vw, 768px\" \/>\t\t\t\t<\/a>\n\t\t\t<\/div>\n\t\t\t\t\t\t<div class='uagb-post__text'> \n\t\t\t\t<h3 class=\"uagb-post__title\">\n\t\t\t\t\t<a href=\"https:\/\/emanuelalopes.pt\/new\/2022\/03\/14\/fome-emocional-2\/\" target=\"_self\" rel=\"bookmark noopener noreferrer\">FOME EMOCIONAL<\/a>\n\t\t\t\t<\/h3>\n\t\t\t<\/div>\n\t\t\t\t\t\t<div class='uagb-post__text'> \n\t\t\t<div class=\"uagb-post-grid-byline\">\n\t\t\t\t\t\t\t\t<span class=\"uagb-post__author\">\n\t\t\t\t\t<span class=\"dashicons-admin-users dashicons\"><\/span>\n\t\t\t\t\t<a href=\"https:\/\/emanuelalopes.pt\/new\/author\/nuno-chaves\/\" title=\"Artigos de Emanuela Lopes\" rel=\"author\">Emanuela Lopes<\/a>\t\t\t\t<\/span>\n\t\t\t\t\t\t\t<time datetime=\"2022-03-14T21:35:53+00:00\" class=\"uagb-post__date\">\n\t\t\t\t\t<span class=\"dashicons-calendar dashicons\"><\/span>\n\t\t\t\t\tMar\u00e7o 14, 2022\t\t\t\t<\/time>\n\t\t\t\t\t\t<\/div>\n\t\t\t<\/div>\n\t\t\t\t\t\t\t<div class='uagb-post__text'> \n\t\t\t\t\t<div class=\"uagb-post__excerpt\">\n\t\t\t\t\t\tAna Barroso, Nutricionista \n\n\n\nEmanuela Lopes, Psic\u00f3loga\n\n\n\nAlimentar os sentimentos: como controlar?\n\n\n\nA alimenta\u00e7\u00e3o vai para al\u00e9m das \u2026\t\t\t\t\t<\/div>\n\t\t\t<\/div>\n\t\t\t\t\t\t<div class='uagb-post__text'> \n\t\t\t\t<div class=\"uagb-post__cta\">\n\t\t\t\t\t<a class=\"uagb-post__link uagb-text-link\" href=\"https:\/\/emanuelalopes.pt\/new\/2022\/03\/14\/fome-emocional-2\/\" target=\"_self\" rel=\"bookmark noopener noreferrer\">Ler Artigo<\/a>\n\t\t\t\t<\/div>\n\t\t\t<\/div>\n\t\t\t\t\t\t\t\t<\/div>\n\t\t\t\t\t\t\t\t\t<\/article>\n\t\t\t\t\t\t\t\t<\/div>\n\t\t\t\t\t\t\t\t\t<div class=\"uagb-post-pagination-wrap\">\n\t\t\t\t\t\t<span class=\"page-numbers current\">1<\/span>\n<a class=\"page-numbers\" href=\"https:\/\/emanuelalopes.pt\/new\/wp-json\/wp\/v2\/pages\/14\/page\/2\/\">2<\/a>\n<a class=\"page-numbers\" href=\"https:\/\/emanuelalopes.pt\/new\/wp-json\/wp\/v2\/pages\/14\/page\/3\/\">3<\/a>\n<a class=\"page-numbers\" href=\"https:\/\/emanuelalopes.pt\/new\/wp-json\/wp\/v2\/pages\/14\/page\/4\/\">4<\/a>\n<a class=\"page-numbers\" href=\"https:\/\/emanuelalopes.pt\/new\/wp-json\/wp\/v2\/pages\/14\/page\/5\/\">5<\/a>\n<span class=\"page-numbers dots\">&hellip;<\/span>\n<a class=\"page-numbers\" href=\"https:\/\/emanuelalopes.pt\/new\/wp-json\/wp\/v2\/pages\/14\/page\/7\/\">7<\/a>\n<a class=\"page-numbers\" href=\"https:\/\/emanuelalopes.pt\/new\/wp-json\/wp\/v2\/pages\/14\/page\/8\/\">8<\/a>\n<a class=\"page-numbers\" href=\"https:\/\/emanuelalopes.pt\/new\/wp-json\/wp\/v2\/pages\/14\/page\/9\/\">9<\/a>\n<a class=\"page-numbers\" href=\"https:\/\/emanuelalopes.pt\/new\/wp-json\/wp\/v2\/pages\/14\/page\/10\/\">10<\/a>\n<a class=\"next page-numbers\" href=\"https:\/\/emanuelalopes.pt\/new\/wp-json\/wp\/v2\/pages\/14\/page\/2\/\">Seguinte \u00bb<\/a>\t\t\t\t\t<\/div>\n\t\t\t\t\t\t\t\t<\/div>\n\t\t\t<\/div><\/div>\n\n\n\n<div class=\"wp-block-uagb-column uagb-column__wrap uagb-column__background-undefined uagb-block-8a38468e\"><div class=\"uagb-column__overlay\"><\/div><div class=\"uagb-column__inner-wrap\"><\/div><\/div>\n<\/div><\/section>\n\n\n\n<p><\/p>\n<\/div><\/section>\n\n\n\n<section class=\"wp-block-uagb-columns uagb-columns__wrap uagb-columns__background-undefined uagb-columns__stack-mobile uagb-columns__valign-undefined uagb-columns__gap-10 alignundefined uagb-block-f7363e60\"><div class=\"uagb-columns__overlay\"><\/div><div class=\"uagb-columns__inner-wrap uagb-columns__columns-1\">\n<div class=\"wp-block-uagb-column uagb-column__wrap uagb-column__background-undefined uagb-block-2ad423c7\"><div class=\"uagb-column__overlay\"><\/div><div class=\"uagb-column__inner-wrap\">\n<div style=\"height:20px\" aria-hidden=\"true\" class=\"wp-block-spacer\"><\/div>\n\n\n\n<div class=\"wp-block-uagb-advanced-heading uagb-block-43cc4609\"><h3 class=\"uagb-heading-text\">Sa\u00fade Psicol\u00f3gica Na Primeira Pessoa <\/h3><p class=\"uagb-desc-text\">by Emanuela Lopes<\/p><\/div>\n\n\n\n<div style=\"height:50px\" aria-hidden=\"true\" class=\"wp-block-spacer\"><\/div>\n\n\n\n\t\t\t<div class=\"uagb-post-grid  uagb-post__image-position-top uagb-block-458c007a   \" data-total=\"8\">\n\n\t\t\t\t<div class=\"uagb-post__items uagb-post__columns-3 is-masonry uagb-post__columns-tablet-2 uagb-post__columns-mobile-1\">\n\n\t\t\t\t\t\t\t\t<article >\n\t\t\t\t\t\t\t\t\t\t<div class=\"uagb-post__inner-wrap\">\n\t\t\t\t\t\t\t\t\t\t\t\t\t\t\t<div class='uagb-post__text'> \n\t\t\t\t<h3 class=\"uagb-post__title\">\n\t\t\t\t\t<a href=\"https:\/\/emanuelalopes.pt\/new\/2021\/11\/27\/sera-que-existe-alguma-ligacao-entre-psicologia-e-arte\/\" target=\"_self\" rel=\"bookmark noopener noreferrer\">Ser\u00e1 que existe alguma liga\u00e7\u00e3o entre Psicologia e Arte?<\/a>\n\t\t\t\t<\/h3>\n\t\t\t<\/div>\n\t\t\t\t\t\t<div class='uagb-post__text'> \n\t\t\t<div class=\"uagb-post-grid-byline\">\n\t\t\t\t\t\t\t\t<time datetime=\"2021-11-27T20:09:41+00:00\" class=\"uagb-post__date\">\n\t\t\t\t\t<span class=\"dashicons-calendar dashicons\"><\/span>\n\t\t\t\t\tNovembro 27, 2021\t\t\t\t<\/time>\n\t\t\t\t\t\t<\/div>\n\t\t\t<\/div>\n\t\t\t\t\t\t\t<div class='uagb-post__text'> \n\t\t\t\t\t<div class=\"uagb-post__excerpt\">\n\t\t\t\t\t\tPedro Guimar\u00e3es, Artista Pl\u00e1stico&nbsp; &nbsp; &nbsp; &nbsp; &nbsp; &nbsp; &nbsp; &nbsp; &nbsp; &nbsp; \u2026\t\t\t\t\t<\/div>\n\t\t\t<\/div>\n\t\t\t\t\t\t\t\t<\/div>\n\t\t\t\t\t\t\t\t\t<\/article>\n\t\t\t\t\t\t\t\t<article >\n\t\t\t\t\t\t\t\t\t\t<div class=\"uagb-post__inner-wrap\">\n\t\t\t\t\t\t\t\t\t\t\t\t\t\t\t<div class='uagb-post__image'>\n\t\t\t\t<a href=\"https:\/\/emanuelalopes.pt\/new\/2021\/12\/31\/mensagens-de-ano-novo\/\" target=\"_self\" rel=\"bookmark noopener noreferrer\"><img width=\"512\" height=\"512\" src=\"https:\/\/emanuelalopes.pt\/new\/wp-content\/uploads\/2021\/12\/Bruno-Peixoto-2.jpg\" class=\"attachment-large size-large\" alt=\"\" decoding=\"async\" loading=\"lazy\" srcset=\"https:\/\/emanuelalopes.pt\/new\/wp-content\/uploads\/2021\/12\/Bruno-Peixoto-2.jpg 512w, https:\/\/emanuelalopes.pt\/new\/wp-content\/uploads\/2021\/12\/Bruno-Peixoto-2-300x300.jpg 300w, https:\/\/emanuelalopes.pt\/new\/wp-content\/uploads\/2021\/12\/Bruno-Peixoto-2-150x150.jpg 150w\" sizes=\"(max-width: 512px) 100vw, 512px\" \/>\t\t\t\t<\/a>\n\t\t\t<\/div>\n\t\t\t\t\t\t<div class='uagb-post__text'> \n\t\t\t\t<h3 class=\"uagb-post__title\">\n\t\t\t\t\t<a href=\"https:\/\/emanuelalopes.pt\/new\/2021\/12\/31\/mensagens-de-ano-novo\/\" target=\"_self\" rel=\"bookmark noopener noreferrer\">Mensagens de Ano Novo<\/a>\n\t\t\t\t<\/h3>\n\t\t\t<\/div>\n\t\t\t\t\t\t<div class='uagb-post__text'> \n\t\t\t<div class=\"uagb-post-grid-byline\">\n\t\t\t\t\t\t\t\t<time datetime=\"2021-12-31T10:31:13+00:00\" class=\"uagb-post__date\">\n\t\t\t\t\t<span class=\"dashicons-calendar dashicons\"><\/span>\n\t\t\t\t\tDezembro 31, 2021\t\t\t\t<\/time>\n\t\t\t\t\t\t<\/div>\n\t\t\t<\/div>\n\t\t\t\t\t\t\t<div class='uagb-post__text'> \n\t\t\t\t\t<div class=\"uagb-post__excerpt\">\n\t\t\t\t\t\t\u201cEm tempos de incertezas e de receios, desejo a todos um 2022 tranquilo, \u2026\t\t\t\t\t<\/div>\n\t\t\t<\/div>\n\t\t\t\t\t\t\t\t<\/div>\n\t\t\t\t\t\t\t\t\t<\/article>\n\t\t\t\t\t\t\t\t<article >\n\t\t\t\t\t\t\t\t\t\t<div class=\"uagb-post__inner-wrap\">\n\t\t\t\t\t\t\t\t\t\t\t\t\t\t\t<div class='uagb-post__image'>\n\t\t\t\t<a href=\"https:\/\/emanuelalopes.pt\/new\/2021\/12\/31\/mensagens-de-ano-novo-2\/\" target=\"_self\" rel=\"bookmark noopener noreferrer\"><img width=\"1024\" height=\"873\" src=\"https:\/\/emanuelalopes.pt\/new\/wp-content\/uploads\/2021\/12\/Helena-Matos-1024x873.jpeg\" class=\"attachment-large size-large\" alt=\"\" decoding=\"async\" loading=\"lazy\" srcset=\"https:\/\/emanuelalopes.pt\/new\/wp-content\/uploads\/2021\/12\/Helena-Matos-1024x873.jpeg 1024w, https:\/\/emanuelalopes.pt\/new\/wp-content\/uploads\/2021\/12\/Helena-Matos-300x256.jpeg 300w, https:\/\/emanuelalopes.pt\/new\/wp-content\/uploads\/2021\/12\/Helena-Matos-768x654.jpeg 768w, https:\/\/emanuelalopes.pt\/new\/wp-content\/uploads\/2021\/12\/Helena-Matos-1536x1309.jpeg 1536w, https:\/\/emanuelalopes.pt\/new\/wp-content\/uploads\/2021\/12\/Helena-Matos.jpeg 2048w\" sizes=\"(max-width: 1024px) 100vw, 1024px\" \/>\t\t\t\t<\/a>\n\t\t\t<\/div>\n\t\t\t\t\t\t<div class='uagb-post__text'> \n\t\t\t\t<h3 class=\"uagb-post__title\">\n\t\t\t\t\t<a href=\"https:\/\/emanuelalopes.pt\/new\/2021\/12\/31\/mensagens-de-ano-novo-2\/\" target=\"_self\" rel=\"bookmark noopener noreferrer\">Mensagens De Ano Novo<\/a>\n\t\t\t\t<\/h3>\n\t\t\t<\/div>\n\t\t\t\t\t\t<div class='uagb-post__text'> \n\t\t\t<div class=\"uagb-post-grid-byline\">\n\t\t\t\t\t\t\t\t<time datetime=\"2021-12-31T11:04:47+00:00\" class=\"uagb-post__date\">\n\t\t\t\t\t<span class=\"dashicons-calendar dashicons\"><\/span>\n\t\t\t\t\tDezembro 31, 2021\t\t\t\t<\/time>\n\t\t\t\t\t\t<\/div>\n\t\t\t<\/div>\n\t\t\t\t\t\t\t<div class='uagb-post__text'> \n\t\t\t\t\t<div class=\"uagb-post__excerpt\">\n\t\t\t\t\t\tDesejo a todos os meus amigos e amigas um feliz 2022, repleto de \u2026\t\t\t\t\t<\/div>\n\t\t\t<\/div>\n\t\t\t\t\t\t\t\t<\/div>\n\t\t\t\t\t\t\t\t\t<\/article>\n\t\t\t\t\t\t\t\t<\/div>\n\t\t\t\t\t\t\t<\/div>\n\t\t\t<\/div><\/div>\n<\/div><\/section>\n\n\n\n<section class=\"wp-block-uagb-section uagb-section__wrap uagb-section__background-image uagb-block-2f685b39\"><div class=\"uagb-section__overlay\"><\/div><div class=\"uagb-section__inner-wrap\">\n<div class=\"wp-block-uagb-advanced-heading uagb-block-f3397371\"><h5 class=\"uagb-heading-text\">Contactos<br><\/h5><div class=\"uagb-separator-wrap\"><div class=\"uagb-separator\"><\/div><\/div><p class=\"uagb-desc-text\"><\/p><\/div>\n\n\n\n<div class=\"wp-block-uagb-advanced-heading uagb-block-4f003e00\"><h2 class=\"uagb-heading-text\">Presente na redes socias<\/h2><p class=\"uagb-desc-text\"><\/p><\/div>\n\n\n\n<div style=\"height:60px\" aria-hidden=\"true\" class=\"wp-block-spacer\"><\/div>\n\n\n\n<div class=\"wp-block-uagb-icon-list uagb-icon-list__outer-wrap uagb-icon-list__layout-horizontal uagb-icon-list__no-label uagb-block-e9098a4b\"><div class=\"uagb-icon-list__wrap\">\n<div class=\"wp-block-uagb-icon-list-child uagb-icon-list-repeater uagb-icon-list__wrapper uagb-block-1c1cf486\"><a target=\"_self\" aria-label=\"Label #1\" rel=\"noopener noreferrer\" href=\"https:\/\/www.facebook.com\/byemanuelalopes\"><\/a><div class=\"uagb-icon-list__content-wrap\"><span class=\"uagb-icon-list__source-wrap\"><span class=\"uagb-icon-list__source-icon\"><svg xmlns=\"http:\/\/www.w3.org\/2000\/svg\" viewbox=\"0 0 320 512\"><path d=\"M279.14 288l14.22-92.66h-88.91v-60.13c0-25.35 12.42-50.06 52.24-50.06h40.42V6.26S260.43 0 225.36 0c-73.22 0-121.08 44.38-121.08 124.72v70.62H22.89V288h81.39v224h100.17V288z\"><\/path><\/svg><\/span><\/span><\/div><\/div>\n\n\n\n<div class=\"wp-block-uagb-icon-list-child uagb-icon-list-repeater uagb-icon-list__wrapper uagb-block-6fa374d9\"><a target=\"_self\" aria-label=\"Label #4\" rel=\"noopener noreferrer\" href=\"https:\/\/www.facebook.com\/byemanuelalopes\"><\/a><div class=\"uagb-icon-list__content-wrap\"><span class=\"uagb-icon-list__source-wrap\"><span class=\"uagb-icon-list__source-icon\"><svg xmlns=\"http:\/\/www.w3.org\/2000\/svg\" viewbox=\"0 0 448 512\"><path d=\"M224.1 141c-63.6 0-114.9 51.3-114.9 114.9s51.3 114.9 114.9 114.9S339 319.5 339 255.9 287.7 141 224.1 141zm0 189.6c-41.1 0-74.7-33.5-74.7-74.7s33.5-74.7 74.7-74.7 74.7 33.5 74.7 74.7-33.6 74.7-74.7 74.7zm146.4-194.3c0 14.9-12 26.8-26.8 26.8-14.9 0-26.8-12-26.8-26.8s12-26.8 26.8-26.8 26.8 12 26.8 26.8zm76.1 27.2c-1.7-35.9-9.9-67.7-36.2-93.9-26.2-26.2-58-34.4-93.9-36.2-37-2.1-147.9-2.1-184.9 0-35.8 1.7-67.6 9.9-93.9 36.1s-34.4 58-36.2 93.9c-2.1 37-2.1 147.9 0 184.9 1.7 35.9 9.9 67.7 36.2 93.9s58 34.4 93.9 36.2c37 2.1 147.9 2.1 184.9 0 35.9-1.7 67.7-9.9 93.9-36.2 26.2-26.2 34.4-58 36.2-93.9 2.1-37 2.1-147.8 0-184.8zM398.8 388c-7.8 19.6-22.9 34.7-42.6 42.6-29.5 11.7-99.5 9-132.1 9s-102.7 2.6-132.1-9c-19.6-7.8-34.7-22.9-42.6-42.6-11.7-29.5-9-99.5-9-132.1s-2.6-102.7 9-132.1c7.8-19.6 22.9-34.7 42.6-42.6 29.5-11.7 99.5-9 132.1-9s102.7-2.6 132.1 9c19.6 7.8 34.7 22.9 42.6 42.6 11.7 29.5 9 99.5 9 132.1s2.7 102.7-9 132.1z\"><\/path><\/svg><\/span><\/span><\/div><\/div>\n\n\n\n<div class=\"wp-block-uagb-icon-list-child uagb-icon-list-repeater uagb-icon-list__wrapper uagb-block-85b1c791\"><a target=\"_self\" aria-label=\"Label #5\" rel=\"noopener noreferrer\" href=\"https:\/\/casasaudeguimaraes.pt\/\"><\/a><div class=\"uagb-icon-list__content-wrap\"><span class=\"uagb-icon-list__source-wrap\"><span class=\"uagb-icon-list__source-icon\"><svg xmlns=\"http:\/\/www.w3.org\/2000\/svg\" viewbox=\"0 0 576 512\"><path d=\"M159.88,175.82h64v64a16,16,0,0,0,16,16h64a16,16,0,0,0,16-16v-64h64a16,16,0,0,0,16-16v-64a16,16,0,0,0-16-16h-64v-64a16,16,0,0,0-16-16h-64a16,16,0,0,0-16,16v64h-64a16,16,0,0,0-16,16v64A16,16,0,0,0,159.88,175.82ZM568.07,336.13a39.91,39.91,0,0,0-55.93-8.47L392.47,415.84H271.86a16,16,0,0,1,0-32H350.1c16,0,30.75-10.87,33.37-26.61a32.06,32.06,0,0,0-31.62-37.38h-160a117.7,117.7,0,0,0-74.12,26.25l-46.5,37.74H15.87a16.11,16.11,0,0,0-16,16v96a16.11,16.11,0,0,0,16,16h347a104.8,104.8,0,0,0,61.7-20.27L559.6,392A40,40,0,0,0,568.07,336.13Z\"><\/path><\/svg><\/span><\/span><\/div><\/div>\n<\/div><\/div>\n<\/div><\/section>\n","protected":false},"excerpt":{"rendered":"","protected":false},"author":1,"featured_media":0,"parent":0,"menu_order":0,"comment_status":"closed","ping_status":"closed","template":"","meta":[],"yoast_head":"<!-- This site is optimized with the Yoast SEO plugin v18.0 - https:\/\/yoast.com\/wordpress\/plugins\/seo\/ -->\n<title>Blog - Coisa Do Arco Da Velha<\/title>\n<meta name=\"robots\" content=\"index, follow, max-snippet:-1, max-image-preview:large, max-video-preview:-1\" \/>\n<link rel=\"canonical\" href=\"https:\/\/emanuelalopes.pt\/new\/blog\/\" \/>\n<meta property=\"og:locale\" content=\"pt_PT\" \/>\n<meta property=\"og:type\" content=\"article\" \/>\n<meta property=\"og:title\" content=\"Blog - Coisa Do Arco Da Velha\" \/>\n<meta property=\"og:url\" content=\"https:\/\/emanuelalopes.pt\/new\/blog\/\" \/>\n<meta property=\"og:site_name\" content=\"Coisa Do Arco Da Velha\" \/>\n<meta property=\"article:publisher\" content=\"https:\/\/www.facebook.com\/byemanuelalopes\/\" \/>\n<meta property=\"article:modified_time\" content=\"2021-10-10T02:46:02+00:00\" \/>\n<meta property=\"og:image\" content=\"https:\/\/emanuelalopes.pt\/new\/wp-content\/uploads\/2021\/10\/emanuelaLopes_perfil-1024x1024-1.png\" \/>\n\t<meta property=\"og:image:width\" content=\"1024\" \/>\n\t<meta property=\"og:image:height\" content=\"1024\" \/>\n\t<meta property=\"og:image:type\" content=\"image\/png\" \/>\n<meta name=\"twitter:card\" content=\"summary_large_image\" \/>\n<meta name=\"twitter:label1\" content=\"Tempo estimado de leitura\" \/>\n\t<meta name=\"twitter:data1\" content=\"1 minuto\" \/>\n<script type=\"application\/ld+json\" class=\"yoast-schema-graph\">{\"@context\":\"https:\/\/schema.org\",\"@graph\":[{\"@type\":[\"Person\",\"Organization\"],\"@id\":\"https:\/\/emanuelalopes.pt\/new\/#\/schema\/person\/45128b4a27913fece7dfa52fc170d95d\",\"name\":\"Emanuela Lopes\",\"image\":{\"@type\":\"ImageObject\",\"@id\":\"https:\/\/emanuelalopes.pt\/new\/#personlogo\",\"inLanguage\":\"pt-PT\",\"url\":\"https:\/\/emanuelalopes.pt\/new\/wp-content\/uploads\/2021\/10\/emanuelaLopes_perfil-1024x1024-1.png\",\"contentUrl\":\"https:\/\/emanuelalopes.pt\/new\/wp-content\/uploads\/2021\/10\/emanuelaLopes_perfil-1024x1024-1.png\",\"width\":1024,\"height\":1024,\"caption\":\"Emanuela Lopes\"},\"logo\":{\"@id\":\"https:\/\/emanuelalopes.pt\/new\/#personlogo\"},\"sameAs\":[\"https:\/\/www.facebook.com\/byemanuelalopes\/\",\"https:\/\/www.instagram.com\/cav_saudepsicologica_by_elopes\/\",\"https:\/\/www.youtube.com\/channel\/UCEtvD7G-fIzuRCEjvNx0x7g\"]},{\"@type\":\"WebSite\",\"@id\":\"https:\/\/emanuelalopes.pt\/new\/#website\",\"url\":\"https:\/\/emanuelalopes.pt\/new\/\",\"name\":\"Coisa Do Arco Da Velha\",\"description\":\"By Emanuela Lopes\",\"publisher\":{\"@id\":\"https:\/\/emanuelalopes.pt\/new\/#\/schema\/person\/45128b4a27913fece7dfa52fc170d95d\"},\"potentialAction\":[{\"@type\":\"SearchAction\",\"target\":{\"@type\":\"EntryPoint\",\"urlTemplate\":\"https:\/\/emanuelalopes.pt\/new\/?s={search_term_string}\"},\"query-input\":\"required name=search_term_string\"}],\"inLanguage\":\"pt-PT\"},{\"@type\":\"WebPage\",\"@id\":\"https:\/\/emanuelalopes.pt\/new\/blog\/#webpage\",\"url\":\"https:\/\/emanuelalopes.pt\/new\/blog\/\",\"name\":\"Blog - Coisa Do Arco Da Velha\",\"isPartOf\":{\"@id\":\"https:\/\/emanuelalopes.pt\/new\/#website\"},\"datePublished\":\"2018-12-21T06:28:51+00:00\",\"dateModified\":\"2021-10-10T02:46:02+00:00\",\"breadcrumb\":{\"@id\":\"https:\/\/emanuelalopes.pt\/new\/blog\/#breadcrumb\"},\"inLanguage\":\"pt-PT\",\"potentialAction\":[{\"@type\":\"ReadAction\",\"target\":[\"https:\/\/emanuelalopes.pt\/new\/blog\/\"]}]},{\"@type\":\"BreadcrumbList\",\"@id\":\"https:\/\/emanuelalopes.pt\/new\/blog\/#breadcrumb\",\"itemListElement\":[{\"@type\":\"ListItem\",\"position\":1,\"name\":\"In\u00edcio\",\"item\":\"https:\/\/emanuelalopes.pt\/new\/\"},{\"@type\":\"ListItem\",\"position\":2,\"name\":\"Blog\"}]}]}<\/script>\n<!-- \/ Yoast SEO plugin. -->","yoast_head_json":{"title":"Blog - Coisa Do Arco Da Velha","robots":{"index":"index","follow":"follow","max-snippet":"max-snippet:-1","max-image-preview":"max-image-preview:large","max-video-preview":"max-video-preview:-1"},"canonical":"https:\/\/emanuelalopes.pt\/new\/blog\/","og_locale":"pt_PT","og_type":"article","og_title":"Blog - Coisa Do Arco Da Velha","og_url":"https:\/\/emanuelalopes.pt\/new\/blog\/","og_site_name":"Coisa Do Arco Da Velha","article_publisher":"https:\/\/www.facebook.com\/byemanuelalopes\/","article_modified_time":"2021-10-10T02:46:02+00:00","og_image":[{"width":1024,"height":1024,"url":"https:\/\/emanuelalopes.pt\/new\/wp-content\/uploads\/2021\/10\/emanuelaLopes_perfil-1024x1024-1.png","type":"image\/png"}],"twitter_card":"summary_large_image","twitter_misc":{"Tempo estimado de leitura":"1 minuto"},"schema":{"@context":"https:\/\/schema.org","@graph":[{"@type":["Person","Organization"],"@id":"https:\/\/emanuelalopes.pt\/new\/#\/schema\/person\/45128b4a27913fece7dfa52fc170d95d","name":"Emanuela Lopes","image":{"@type":"ImageObject","@id":"https:\/\/emanuelalopes.pt\/new\/#personlogo","inLanguage":"pt-PT","url":"https:\/\/emanuelalopes.pt\/new\/wp-content\/uploads\/2021\/10\/emanuelaLopes_perfil-1024x1024-1.png","contentUrl":"https:\/\/emanuelalopes.pt\/new\/wp-content\/uploads\/2021\/10\/emanuelaLopes_perfil-1024x1024-1.png","width":1024,"height":1024,"caption":"Emanuela Lopes"},"logo":{"@id":"https:\/\/emanuelalopes.pt\/new\/#personlogo"},"sameAs":["https:\/\/www.facebook.com\/byemanuelalopes\/","https:\/\/www.instagram.com\/cav_saudepsicologica_by_elopes\/","https:\/\/www.youtube.com\/channel\/UCEtvD7G-fIzuRCEjvNx0x7g"]},{"@type":"WebSite","@id":"https:\/\/emanuelalopes.pt\/new\/#website","url":"https:\/\/emanuelalopes.pt\/new\/","name":"Coisa Do Arco Da Velha","description":"By Emanuela Lopes","publisher":{"@id":"https:\/\/emanuelalopes.pt\/new\/#\/schema\/person\/45128b4a27913fece7dfa52fc170d95d"},"potentialAction":[{"@type":"SearchAction","target":{"@type":"EntryPoint","urlTemplate":"https:\/\/emanuelalopes.pt\/new\/?s={search_term_string}"},"query-input":"required name=search_term_string"}],"inLanguage":"pt-PT"},{"@type":"WebPage","@id":"https:\/\/emanuelalopes.pt\/new\/blog\/#webpage","url":"https:\/\/emanuelalopes.pt\/new\/blog\/","name":"Blog - Coisa Do Arco Da Velha","isPartOf":{"@id":"https:\/\/emanuelalopes.pt\/new\/#website"},"datePublished":"2018-12-21T06:28:51+00:00","dateModified":"2021-10-10T02:46:02+00:00","breadcrumb":{"@id":"https:\/\/emanuelalopes.pt\/new\/blog\/#breadcrumb"},"inLanguage":"pt-PT","potentialAction":[{"@type":"ReadAction","target":["https:\/\/emanuelalopes.pt\/new\/blog\/"]}]},{"@type":"BreadcrumbList","@id":"https:\/\/emanuelalopes.pt\/new\/blog\/#breadcrumb","itemListElement":[{"@type":"ListItem","position":1,"name":"In\u00edcio","item":"https:\/\/emanuelalopes.pt\/new\/"},{"@type":"ListItem","position":2,"name":"Blog"}]}]}},"uagb_featured_image_src":{"full":false,"thumbnail":false,"medium":false,"medium_large":false,"large":false,"1536x1536":false,"2048x2048":false},"uagb_author_info":{"display_name":"dsi","author_link":"https:\/\/emanuelalopes.pt\/new\/author\/dsi\/"},"uagb_comment_info":0,"uagb_excerpt":null,"_links":{"self":[{"href":"https:\/\/emanuelalopes.pt\/new\/wp-json\/wp\/v2\/pages\/14"}],"collection":[{"href":"https:\/\/emanuelalopes.pt\/new\/wp-json\/wp\/v2\/pages"}],"about":[{"href":"https:\/\/emanuelalopes.pt\/new\/wp-json\/wp\/v2\/types\/page"}],"author":[{"embeddable":true,"href":"https:\/\/emanuelalopes.pt\/new\/wp-json\/wp\/v2\/users\/1"}],"replies":[{"embeddable":true,"href":"https:\/\/emanuelalopes.pt\/new\/wp-json\/wp\/v2\/comments?post=14"}],"version-history":[{"count":17,"href":"https:\/\/emanuelalopes.pt\/new\/wp-json\/wp\/v2\/pages\/14\/revisions"}],"predecessor-version":[{"id":2259,"href":"https:\/\/emanuelalopes.pt\/new\/wp-json\/wp\/v2\/pages\/14\/revisions\/2259"}],"wp:attachment":[{"href":"https:\/\/emanuelalopes.pt\/new\/wp-json\/wp\/v2\/media?parent=14"}],"curies":[{"name":"wp","href":"https:\/\/api.w.org\/{rel}","templated":true}]}}